{"id":4139,"date":"2023-12-10T12:58:06","date_gmt":"2023-12-10T12:58:06","guid":{"rendered":"https:\/\/panda360.io\/?page_id=4139"},"modified":"2024-03-31T16:43:06","modified_gmt":"2024-03-31T16:43:06","slug":"ve-chung-toi","status":"publish","type":"page","link":"https:\/\/panda360.io\/vi\/about-us\/","title":{"rendered":"V\u1ec1"},"content":{"rendered":"<div data-elementor-type=\"wp-page\" data-elementor-id=\"4139\" class=\"elementor elementor-4139\" data-elementor-post-type=\"page\">\n\t\t\t\t<div class=\"elementor-element elementor-element-4bf97739 e-con-full e-flex e-con e-parent\" data-id=\"4bf97739\" data-element_type=\"container\" data-e-type=\"container\">\n\t\t<div class=\"elementor-element elementor-element-2a6c8a5f e-con-full e-flex e-con e-child\" data-id=\"2a6c8a5f\" data-element_type=\"container\" data-e-type=\"container\">\n\t\t\t\t<div class=\"elementor-element elementor-element-26e2d424 elementor-widget elementor-widget-heading\" data-id=\"26e2d424\" data-element_type=\"widget\" data-e-type=\"widget\" data-widget_type=\"heading.default\">\n\t\t\t\t<div class=\"elementor-widget-container\">\n\t\t\t\t\t<h1 class=\"elementor-heading-title elementor-size-default\">V\u1ec1 ch\u00fang t\u00f4i\u200b<\/h1>\t\t\t\t<\/div>\n\t\t\t\t<\/div>\n\t\t\t\t<div class=\"elementor-element elementor-element-290fe85e elementor-widget elementor-widget-text-editor\" data-id=\"290fe85e\" data-element_type=\"widget\" data-e-type=\"widget\" data-widget_type=\"text-editor.default\">\n\t\t\t\t<div class=\"elementor-widget-container\">\n\t\t\t\t\t\t\t\t\t<p>\u0110\u01b0\u1ee3c th\u00e0nh l\u1eadp h\u01a1n 15 n\u0103m tr\u01b0\u1edbc t\u1ea1i H\u1ed3ng K\u00f4ng, Trung Qu\u1ed1c, \u0111\u1ed9i ng\u0169 c\u1ee7a ch\u00fang t\u00f4i chuy\u00ean n\u00e2ng cao ni\u1ec1m tin v\u00e0 t\u00ednh minh b\u1ea1ch trong kinh doanh qu\u1ed1c t\u1ebf.<\/p><p>Nh\u1eadn th\u1ee9c \u0111\u01b0\u1ee3c nh\u1eefng h\u1ea1n ch\u1ebf c\u1ee7a c\u00e1c n\u1ec1n t\u1ea3ng nh\u01b0 Alibaba v\u00e0 Made-In-China trong vi\u1ec7c x\u00e1c minh danh t\u00ednh, ch\u00fang t\u00f4i cam k\u1ebft cung c\u1ea5p c\u00e1c gi\u1ea3i ph\u00e1p \u01b0u vi\u1ec7t nh\u1eb1m gi\u1ea3i quy\u1ebft nh\u1eefng th\u00e1ch th\u1ee9c ph\u1ee9c t\u1ea1p n\u00e0y.<\/p><p>Chuy\u00ean m\u00f4n c\u1ee7a ch\u00fang t\u00f4i n\u1eb1m \u1edf vi\u1ec7c t\u1ea1o ra c\u00e1c ph\u01b0\u01a1ng ph\u00e1p s\u00e1ng t\u1ea1o, \u0111\u00e1ng tin c\u1eady \u0111\u1ec3 \u0111\u1ea3m b\u1ea3o t\u01b0\u01a1ng t\u00e1c th\u01b0\u01a1ng m\u1ea1i to\u00e0n c\u1ea7u an to\u00e0n v\u00e0 minh b\u1ea1ch.<\/p>\t\t\t\t\t\t\t\t<\/div>\n\t\t\t\t<\/div>\n\t\t\t\t<\/div>\n\t\t<div class=\"elementor-element elementor-element-38a3c906 e-con-full e-flex e-con e-child\" data-id=\"38a3c906\" data-element_type=\"container\" data-e-type=\"container\" data-settings=\"{&quot;background_background&quot;:&quot;classic&quot;}\">\n\t\t\t\t<div class=\"elementor-element elementor-element-6948b2c8 elementor-widget elementor-widget-image\" data-id=\"6948b2c8\" data-element_type=\"widget\" data-e-type=\"widget\" data-widget_type=\"image.default\">\n\t\t\t\t<div class=\"elementor-widget-container\">\n\t\t\t\t\t\t\t\t\t\t\t\t\t\t\t<img fetchpriority=\"high\" decoding=\"async\" width=\"768\" height=\"768\" src=\"https:\/\/panda360.io\/wp-content\/uploads\/shanghai-main-data.jpg\" class=\"attachment-large size-large wp-image-5017\" alt=\"\" srcset=\"https:\/\/panda360.io\/wp-content\/uploads\/shanghai-main-data.jpg 768w, https:\/\/panda360.io\/wp-content\/uploads\/shanghai-main-data-300x300.jpg 300w, https:\/\/panda360.io\/wp-content\/uploads\/shanghai-main-data-150x150.jpg 150w, https:\/\/panda360.io\/wp-content\/uploads\/shanghai-main-data-12x12.jpg 12w\" sizes=\"(max-width: 768px) 100vw, 768px\" \/>\t\t\t\t\t\t\t\t\t\t\t\t\t\t\t<\/div>\n\t\t\t\t<\/div>\n\t\t\t\t<\/div>\n\t\t\t\t<\/div>\n\t\t<div class=\"elementor-element elementor-element-2f6c5040 e-flex e-con-boxed e-con e-parent\" data-id=\"2f6c5040\" data-element_type=\"container\" data-e-type=\"container\">\n\t\t\t\t\t<div class=\"e-con-inner\">\n\t\t<div class=\"elementor-element elementor-element-5a31cf78 e-con-full e-flex e-con e-child\" data-id=\"5a31cf78\" data-element_type=\"container\" data-e-type=\"container\">\n\t\t\t\t<div class=\"elementor-element elementor-element-2f4f4827 elementor-widget elementor-widget-image\" data-id=\"2f4f4827\" data-element_type=\"widget\" data-e-type=\"widget\" data-widget_type=\"image.default\">\n\t\t\t\t<div class=\"elementor-widget-container\">\n\t\t\t\t\t\t\t\t\t\t\t\t\t\t\t<img decoding=\"async\" src=\"https:\/\/panda360.io\/wp-content\/uploads\/elementor\/thumbs\/BEIJING_1_MAIN-shutterstock_1263558487__001-2200x1200-1-qm12c91b1q0gl09fwf14x6qy7w085y2rocfpbaztvk.jpg\" title=\"BEIJING_1_MAIN-shutterstock_1263558487__001-2200\u00d71200\" alt=\"BEIJING_1_MAIN-shutterstock_1263558487__001-2200x1200\" loading=\"lazy\" \/>\t\t\t\t\t\t\t\t\t\t\t\t\t\t\t<\/div>\n\t\t\t\t<\/div>\n\t\t\t\t<\/div>\n\t\t<div class=\"elementor-element elementor-element-7f91873d e-con-full e-flex e-con e-child\" data-id=\"7f91873d\" data-element_type=\"container\" data-e-type=\"container\">\n\t\t\t\t<div class=\"elementor-element elementor-element-634d8bd5 elementor-widget elementor-widget-heading\" data-id=\"634d8bd5\" data-element_type=\"widget\" data-e-type=\"widget\" data-widget_type=\"heading.default\">\n\t\t\t\t<div class=\"elementor-widget-container\">\n\t\t\t\t\t<h2 class=\"elementor-heading-title elementor-size-default\">Nhi\u1ec7m v\u1ee5 c\u1ee7a ch\u00fang ta<\/h2>\t\t\t\t<\/div>\n\t\t\t\t<\/div>\n\t\t\t\t<div class=\"elementor-element elementor-element-17c15d03 elementor-widget elementor-widget-text-editor\" data-id=\"17c15d03\" data-element_type=\"widget\" data-e-type=\"widget\" data-widget_type=\"text-editor.default\">\n\t\t\t\t<div class=\"elementor-widget-container\">\n\t\t\t\t\t\t\t\t\t<p>Ch\u00fang t\u00f4i nh\u1eadn th\u1ea5y nh\u1eefng th\u00e1ch th\u1ee9c m\u00e0 b\u1ea1n g\u1eb7p ph\u1ea3i, t\u1eeb r\u00e0o c\u1ea3n ng\u00f4n ng\u1eef \u0111\u1ebfn vi\u1ec7c t\u00ecm ki\u1ebfm th\u00f4ng tin chuy\u00ean s\u00e2u, \u0111\u00e1ng tin c\u1eady v\u1ec1 c\u00e1c c\u00f4ng ty Trung Qu\u1ed1c. Vai tr\u00f2 c\u1ee7a ch\u00fang t\u00f4i kh\u00f4ng ch\u1ec9 l\u00e0 ngu\u1ed3n d\u1eef li\u1ec7u; ch\u00fang t\u00f4i \u1edf \u0111\u00e2y \u0111\u1ec3 cung c\u1ea5p c\u00e1c gi\u1ea3i ph\u00e1p \u0111\u00edch th\u1ef1c. T\u1eadn d\u1ee5ng v\u00f4 s\u1ed1 ngu\u1ed3n ch\u00ednh th\u1ee9c v\u00e0 ch\u00ednh ph\u1ee7, d\u1ecbch v\u1ee5 x\u00e1c minh \u0111\u1ed9c quy\u1ec1n c\u1ee7a ch\u00fang t\u00f4i cung c\u1ea5p th\u00f4ng tin chi ti\u1ebft ch\u00ednh x\u00e1c, c\u1eadp nh\u1eadt quan tr\u1ecdng \u0111\u1ed1i v\u1edbi b\u1ea1n.<\/p><p>L\u1ee3i th\u1ebf kh\u00e1c bi\u1ec7t c\u1ee7a ch\u00fang t\u00f4i n\u1eb1m \u1edf vi\u1ec7c l\u00e0m cho th\u00f4ng tin ph\u1ee9c t\u1ea1p tr\u1edf n\u00ean d\u1ec5 ti\u1ebfp c\u1eadn v\u00e0 thi\u1ebft th\u1ef1c. C\u00e1c b\u00e1o c\u00e1o c\u1ee7a ch\u00fang t\u00f4i r\u1ea5t to\u00e0n di\u1ec7n v\u00e0 \u0111\u01b0\u1ee3c g\u1eedi k\u1ecbp th\u1eddi, \u0111\u01b0\u1ee3c c\u1ea5u tr\u00fac \u0111\u1ec3 \u0111\u1ea3m b\u1ea3o s\u1ef1 r\u00f5 r\u00e0ng v\u00e0 d\u1ec5 hi\u1ec3u. Ch\u00fang t\u00f4i cam k\u1ebft h\u01b0\u1edbng d\u1eabn b\u1ea1n v\u01b0\u1ee3t qua m\u00ea cung th\u00f4ng tin, \u0111\u1ea3m b\u1ea3o r\u1eb1ng kh\u00f4ng c\u00f3 g\u00ec b\u1ecb m\u1ea5t khi d\u1ecbch thu\u1eadt.<\/p><p>T\u1ea1i Panda360, ch\u00fang t\u00f4i kh\u00f4ng ch\u1ec9 l\u00e0 m\u1ed9t n\u1ec1n t\u1ea3ng \u2013 ch\u00fang t\u00f4i c\u00f2n l\u00e0 \u0111\u1ed3ng minh chi\u1ebfn l\u01b0\u1ee3c c\u1ee7a b\u1ea1n, trao quy\u1ec1n cho b\u1ea1n \u0111\u01b0a ra nh\u1eefng quy\u1ebft \u0111\u1ecbnh s\u00e1ng su\u1ed1t t\u1ea1i th\u1ecb tr\u01b0\u1eddng Trung Qu\u1ed1c. H\u00e3y \u0111\u1ec3 ch\u00fang t\u00f4i bi\u1ebfn th\u00e1ch th\u1ee9c c\u1ee7a b\u1ea1n th\u00e0nh c\u01a1 h\u1ed9i.<\/p>\t\t\t\t\t\t\t\t<\/div>\n\t\t\t\t<\/div>\n\t\t\t\t<\/div>\n\t\t\t\t\t<\/div>\n\t\t\t\t<\/div>\n\t\t<div class=\"elementor-element elementor-element-7ab3ee97 e-flex e-con-boxed e-con e-parent\" data-id=\"7ab3ee97\" data-element_type=\"container\" data-e-type=\"container\">\n\t\t\t\t\t<div class=\"e-con-inner\">\n\t\t<div class=\"elementor-element elementor-element-11a39da6 e-con-full e-flex e-con e-child\" data-id=\"11a39da6\" data-element_type=\"container\" data-e-type=\"container\">\n\t\t\t\t<div class=\"elementor-element elementor-element-14c31fea elementor-widget elementor-widget-heading\" data-id=\"14c31fea\" data-element_type=\"widget\" data-e-type=\"widget\" data-widget_type=\"heading.default\">\n\t\t\t\t<div class=\"elementor-widget-container\">\n\t\t\t\t\t<h2 class=\"elementor-heading-title elementor-size-default\">T\u1ea1i sao ch\u1ecdn Panda360<\/h2>\t\t\t\t<\/div>\n\t\t\t\t<\/div>\n\t\t\t\t<div class=\"elementor-element elementor-element-2a78f8a5 elementor-widget elementor-widget-text-editor\" data-id=\"2a78f8a5\" data-element_type=\"widget\" data-e-type=\"widget\" data-widget_type=\"text-editor.default\">\n\t\t\t\t<div class=\"elementor-widget-container\">\n\t\t\t\t\t\t\t\t\t<p>Vi\u1ec7c ch\u1ecdn Panda360 \u0111\u1ec3 x\u00e1c minh c\u00f4ng ty Trung Qu\u1ed1c \u0111\u1ea3m b\u1ea3o b\u1ea1n \u0111ang h\u1ee3p t\u00e1c v\u1edbi c\u00f4ng ty d\u1eabn \u0111\u1ea7u trong l\u0129nh v\u1ef1c n\u00e0y. Ch\u00fang t\u00f4i cung c\u1ea5p c\u00e1c b\u00e1o c\u00e1o to\u00e0n di\u1ec7n gi\u00fap b\u1ea1n c\u00f3 \u0111\u01b0\u1ee3c c\u00e1i nh\u00ecn s\u00e2u s\u1eafc c\u1ea7n thi\u1ebft \u0111\u1ec3 \u0111\u01b0a ra quy\u1ebft \u0111\u1ecbnh s\u00e1ng su\u1ed1t, th\u00fac \u0111\u1ea9y c\u00e1c m\u1ed1i quan h\u1ec7 kinh doanh an to\u00e0n v\u00e0 \u0111\u00e1ng tin c\u1eady.<\/p>\t\t\t\t\t\t\t\t<\/div>\n\t\t\t\t<\/div>\n\t\t\t\t<div class=\"elementor-element elementor-element-5628ffb8 elementor-align-start elementor-icon-list--layout-traditional elementor-list-item-link-full_width elementor-widget elementor-widget-icon-list\" data-id=\"5628ffb8\" data-element_type=\"widget\" data-e-type=\"widget\" data-widget_type=\"icon-list.default\">\n\t\t\t\t<div class=\"elementor-widget-container\">\n\t\t\t\t\t\t\t<ul class=\"elementor-icon-list-items\">\n\t\t\t\t\t\t\t<li class=\"elementor-icon-list-item\">\n\t\t\t\t\t\t\t\t\t\t\t<a href=\"#\">\n\n\t\t\t\t\t\t\t\t\t\t\t\t<span class=\"elementor-icon-list-icon\">\n\t\t\t\t\t\t\t<svg aria-hidden=\"true\" class=\"e-font-icon-svg e-fas-square-full\" viewbox=\"0 0 512 512\" xmlns=\"http:\/\/www.w3.org\/2000\/svg\"><path d=\"M512 512H0V0h512v512z\"><\/path><\/svg>\t\t\t\t\t\t<\/span>\n\t\t\t\t\t\t\t\t\t\t<span class=\"elementor-icon-list-text\">\u0110\u1ed9 ch\u00ednh x\u00e1c v\u00e0 \u0111\u1ed9 tin c\u1eady<\/span>\n\t\t\t\t\t\t\t\t\t\t\t<\/a>\n\t\t\t\t\t\t\t\t\t<\/li>\n\t\t\t\t\t\t\t\t<li class=\"elementor-icon-list-item\">\n\t\t\t\t\t\t\t\t\t\t\t<a href=\"#\">\n\n\t\t\t\t\t\t\t\t\t\t\t\t<span class=\"elementor-icon-list-icon\">\n\t\t\t\t\t\t\t<svg aria-hidden=\"true\" class=\"e-font-icon-svg e-fas-square-full\" viewbox=\"0 0 512 512\" xmlns=\"http:\/\/www.w3.org\/2000\/svg\"><path d=\"M512 512H0V0h512v512z\"><\/path><\/svg>\t\t\t\t\t\t<\/span>\n\t\t\t\t\t\t\t\t\t\t<span class=\"elementor-icon-list-text\">Th\u00f4ng tin chi ti\u1ebft to\u00e0n di\u1ec7n<\/span>\n\t\t\t\t\t\t\t\t\t\t\t<\/a>\n\t\t\t\t\t\t\t\t\t<\/li>\n\t\t\t\t\t\t\t\t<li class=\"elementor-icon-list-item\">\n\t\t\t\t\t\t\t\t\t\t\t<a href=\"#\">\n\n\t\t\t\t\t\t\t\t\t\t\t\t<span class=\"elementor-icon-list-icon\">\n\t\t\t\t\t\t\t<svg aria-hidden=\"true\" class=\"e-font-icon-svg e-fas-square-full\" viewbox=\"0 0 512 512\" xmlns=\"http:\/\/www.w3.org\/2000\/svg\"><path d=\"M512 512H0V0h512v512z\"><\/path><\/svg>\t\t\t\t\t\t<\/span>\n\t\t\t\t\t\t\t\t\t\t<span class=\"elementor-icon-list-text\">Gi\u1ea3m thi\u1ec3u r\u1ee7i ro<\/span>\n\t\t\t\t\t\t\t\t\t\t\t<\/a>\n\t\t\t\t\t\t\t\t\t<\/li>\n\t\t\t\t\t\t\t\t<li class=\"elementor-icon-list-item\">\n\t\t\t\t\t\t\t\t\t\t\t<a href=\"#\">\n\n\t\t\t\t\t\t\t\t\t\t\t\t<span class=\"elementor-icon-list-icon\">\n\t\t\t\t\t\t\t<svg aria-hidden=\"true\" class=\"e-font-icon-svg e-fas-square-full\" viewbox=\"0 0 512 512\" xmlns=\"http:\/\/www.w3.org\/2000\/svg\"><path d=\"M512 512H0V0h512v512z\"><\/path><\/svg>\t\t\t\t\t\t<\/span>\n\t\t\t\t\t\t\t\t\t\t<span class=\"elementor-icon-list-text\">D\u1ec5 s\u1eed d\u1ee5ng<\/span>\n\t\t\t\t\t\t\t\t\t\t\t<\/a>\n\t\t\t\t\t\t\t\t\t<\/li>\n\t\t\t\t\t\t\t\t<li class=\"elementor-icon-list-item\">\n\t\t\t\t\t\t\t\t\t\t\t<a href=\"#\">\n\n\t\t\t\t\t\t\t\t\t\t\t\t<span class=\"elementor-icon-list-icon\">\n\t\t\t\t\t\t\t<svg aria-hidden=\"true\" class=\"e-font-icon-svg e-fas-square-full\" viewbox=\"0 0 512 512\" xmlns=\"http:\/\/www.w3.org\/2000\/svg\"><path d=\"M512 512H0V0h512v512z\"><\/path><\/svg>\t\t\t\t\t\t<\/span>\n\t\t\t\t\t\t\t\t\t\t<span class=\"elementor-icon-list-text\">Ph\u1ea1m vi to\u00e0n c\u1ea7u<\/span>\n\t\t\t\t\t\t\t\t\t\t\t<\/a>\n\t\t\t\t\t\t\t\t\t<\/li>\n\t\t\t\t\t\t<\/ul>\n\t\t\t\t\t\t<\/div>\n\t\t\t\t<\/div>\n\t\t\t\t<\/div>\n\t\t<div class=\"elementor-element elementor-element-5b6db95f e-con-full e-flex e-con e-child\" data-id=\"5b6db95f\" data-element_type=\"container\" data-e-type=\"container\">\n\t\t\t\t<div class=\"elementor-element elementor-element-7c29e52d elementor-widget elementor-widget-image\" data-id=\"7c29e52d\" data-element_type=\"widget\" data-e-type=\"widget\" data-widget_type=\"image.default\">\n\t\t\t\t<div class=\"elementor-widget-container\">\n\t\t\t\t\t\t\t\t\t\t\t\t\t\t\t<img decoding=\"async\" src=\"https:\/\/panda360.io\/wp-content\/uploads\/elementor\/thumbs\/HongKongSkyline-scaled-qm136pyyldq2xy02z36r8zxvgjtkoq1iv5rcd7te68.jpg\" title=\"HongKong\u0110\u01b0\u1eddng Ch\u00e2n Tr\u1eddi\" alt=\"HongKong\u0110\u01b0\u1eddng Ch\u00e2n Tr\u1eddi\" loading=\"lazy\" \/>\t\t\t\t\t\t\t\t\t\t\t\t\t\t\t<\/div>\n\t\t\t\t<\/div>\n\t\t\t\t<\/div>\n\t\t\t\t\t<\/div>\n\t\t\t\t<\/div>\n\t\t<div class=\"elementor-element elementor-element-4d3b4bc9 e-flex e-con-boxed e-con e-parent\" data-id=\"4d3b4bc9\" data-element_type=\"container\" data-e-type=\"container\">\n\t\t\t\t\t<div class=\"e-con-inner\">\n\t\t\t\t<div class=\"elementor-element elementor-element-21d2227d elementor-widget elementor-widget-heading\" data-id=\"21d2227d\" data-element_type=\"widget\" data-e-type=\"widget\" data-widget_type=\"heading.default\">\n\t\t\t\t<div class=\"elementor-widget-container\">\n\t\t\t\t\t<h3 class=\"elementor-heading-title elementor-size-default\">\u0110\u01a1n gi\u1ea3n, nhanh ch\u00f3ng, c\u1ea7n thi\u1ebft<\/h3>\t\t\t\t<\/div>\n\t\t\t\t<\/div>\n\t\t\t\t<div class=\"elementor-element elementor-element-7a5ebfe0 elementor-widget elementor-widget-text-editor\" data-id=\"7a5ebfe0\" data-element_type=\"widget\" data-e-type=\"widget\" data-widget_type=\"text-editor.default\">\n\t\t\t\t<div class=\"elementor-widget-container\">\n\t\t\t\t\t\t\t\t\t<p>B\u1ea1n s\u1ebd kh\u00f4ng t\u00ecm th\u1ea5y c\u00f4ng c\u1ee5 n\u00e0o t\u1ed1t h\u01a1n \u0111\u1ec3 \u0111\u1ecdc tr\u1ef1c tuy\u1ebfn C\u01a1 quan \u0111\u0103ng k\u00fd c\u00f4ng ty ch\u00ednh th\u1ee9c c\u1ee7a Trung Qu\u1ed1c b\u1eb1ng ng\u00f4n ng\u1eef c\u1ee7a b\u1ea1n.<\/p>\t\t\t\t\t\t\t\t<\/div>\n\t\t\t\t<\/div>\n\t\t\t\t<div class=\"elementor-element elementor-element-38a61d1 elementor-align-center elementor-widget elementor-widget-button\" data-id=\"38a61d1\" data-element_type=\"widget\" data-e-type=\"widget\" data-widget_type=\"button.default\">\n\t\t\t\t<div class=\"elementor-widget-container\">\n\t\t\t\t\t\t\t\t\t<div class=\"elementor-button-wrapper\">\n\t\t\t\t\t<a class=\"elementor-button elementor-button-link elementor-size-md\" href=\"\/vi\/dang-ky\/\">\n\t\t\t\t\t\t<span class=\"elementor-button-content-wrapper\">\n\t\t\t\t\t\t\t\t\t<span class=\"elementor-button-text\">X\u00e1c minh c\u00f4ng ty ngay b\u00e2y gi\u1edd<\/span>\n\t\t\t\t\t<\/span>\n\t\t\t\t\t<\/a>\n\t\t\t\t<\/div>\n\t\t\t\t\t\t\t\t<\/div>\n\t\t\t\t<\/div>\n\t\t\t\t\t<\/div>\n\t\t\t\t<\/div>\n\t\t<div class=\"elementor-element elementor-element-72232b1 e-flex e-con-boxed e-con e-parent\" data-id=\"72232b1\" data-element_type=\"container\" data-e-type=\"container\" data-settings=\"{&quot;background_background&quot;:&quot;classic&quot;}\">\n\t\t\t\t\t<div class=\"e-con-inner\">\n\t\t\t\t<div class=\"elementor-element elementor-element-c635284 elementor-widget elementor-widget-heading\" data-id=\"c635284\" data-element_type=\"widget\" data-e-type=\"widget\" data-widget_type=\"heading.default\">\n\t\t\t\t<div class=\"elementor-widget-container\">\n\t\t\t\t\t<h2 class=\"elementor-heading-title elementor-size-default\">B\u1ea3o v\u1ec7 doanh nghi\u1ec7p c\u1ee7a b\u1ea1n v\u1edbi Trung Qu\u1ed1c<\/h2>\t\t\t\t<\/div>\n\t\t\t\t<\/div>\n\t\t\t\t<div class=\"elementor-element elementor-element-8a5e527 elementor-widget elementor-widget-heading\" data-id=\"8a5e527\" data-element_type=\"widget\" data-e-type=\"widget\" data-widget_type=\"heading.default\">\n\t\t\t\t<div class=\"elementor-widget-container\">\n\t\t\t\t\t<h2 class=\"elementor-heading-title elementor-size-default\">T\u1ea1i sao b\u1ea1n ph\u1ea3i bi\u1ebft th\u00f4ng tin c\u01a1 b\u1ea3n v\u1ec1 \u0111\u1ed1i t\u00e1c Trung Qu\u1ed1c c\u1ee7a m\u00ecnh<\/h2>\t\t\t\t<\/div>\n\t\t\t\t<\/div>\n\t\t\t\t<div class=\"elementor-element elementor-element-7cc4266 elementor-align-center elementor-widget elementor-widget-button\" data-id=\"7cc4266\" data-element_type=\"widget\" data-e-type=\"widget\" data-widget_type=\"button.default\">\n\t\t\t\t<div class=\"elementor-widget-container\">\n\t\t\t\t\t\t\t\t\t<div class=\"elementor-button-wrapper\">\n\t\t\t\t\t<a class=\"elementor-button elementor-button-link elementor-size-lg elementor-animation-grow\" href=\"\/vi\/tai-sao-ban-phai-biet-thong-tin-co-ban-ve-nha-cung-cap-trung-quoc-cua-ban\/\">\n\t\t\t\t\t\t<span class=\"elementor-button-content-wrapper\">\n\t\t\t\t\t\t\t\t\t<span class=\"elementor-button-text\">\u0110\u1ecdc b\u00e0i vi\u1ebft c\u1ee7a ch\u00fang t\u00f4i<\/span>\n\t\t\t\t\t<\/span>\n\t\t\t\t\t<\/a>\n\t\t\t\t<\/div>\n\t\t\t\t\t\t\t\t<\/div>\n\t\t\t\t<\/div>\n\t\t\t\t\t<\/div>\n\t\t\t\t<\/div>\n\t\t\t\t<\/div>","protected":false},"excerpt":{"rendered":"<p>About Us\u200b Established over 15 years ago in Hong Kong, China, our team specializes in enhancing trust and transparency in international business. Recognizing the limitations of platforms like Alibaba and Made-In-China in identity verification, we are committed to providing superior solutions that address these complex challenges. Our expertise lies in creating reliable, innovative methods to [&hellip;]<\/p>\n","protected":false},"author":1,"featured_media":0,"parent":0,"menu_order":0,"comment_status":"closed","ping_status":"closed","template":"","meta":{"footnotes":""},"class_list":["post-4139","page","type-page","status-publish","hentry"],"yoast_head":"<!-- This site is optimized with the Yoast SEO plugin v27.5 - https:\/\/yoast.com\/product\/yoast-seo-wordpress\/ -->\n<title>About - Panda360<\/title>\n<meta name=\"robots\" content=\"index, follow, max-snippet:-1, max-image-preview:large, max-video-preview:-1\" \/>\n<link rel=\"canonical\" href=\"https:\/\/panda360.io\/vi\/ve-chung-toi\/\" \/>\n<meta property=\"og:locale\" content=\"vi_VN\" \/>\n<meta property=\"og:type\" content=\"article\" \/>\n<meta property=\"og:title\" content=\"About - Panda360\" \/>\n<meta property=\"og:description\" content=\"About Us\u200b Established over 15 years ago in Hong Kong, China, our team specializes in enhancing trust and transparency in international business. Recognizing the limitations of platforms like Alibaba and Made-In-China in identity verification, we are committed to providing superior solutions that address these complex challenges. Our expertise lies in creating reliable, innovative methods to [&hellip;]\" \/>\n<meta property=\"og:url\" content=\"https:\/\/panda360.io\/vi\/ve-chung-toi\/\" \/>\n<meta property=\"og:site_name\" content=\"Panda360\" \/>\n<meta property=\"article:modified_time\" content=\"2024-03-31T16:43:06+00:00\" \/>\n<meta property=\"og:image\" content=\"https:\/\/panda360.io\/wp-content\/uploads\/shanghai-main-data.jpg\" \/>\n<meta name=\"twitter:card\" content=\"summary_large_image\" \/>\n<meta name=\"twitter:label1\" content=\"\u01af\u1edbc t\u00ednh th\u1eddi gian \u0111\u1ecdc\" \/>\n\t<meta name=\"twitter:data1\" content=\"2 ph\u00fat\" \/>\n<script type=\"application\/ld+json\" class=\"yoast-schema-graph\">{\"@context\":\"https:\\\/\\\/schema.org\",\"@graph\":[{\"@type\":\"WebPage\",\"@id\":\"https:\\\/\\\/panda360.io\\\/sv\\\/om-oss\\\/\",\"url\":\"https:\\\/\\\/panda360.io\\\/sv\\\/om-oss\\\/\",\"name\":\"About - Panda360\",\"isPartOf\":{\"@id\":\"https:\\\/\\\/panda360.io\\\/ru\\\/#website\"},\"primaryImageOfPage\":{\"@id\":\"https:\\\/\\\/panda360.io\\\/sv\\\/om-oss\\\/#primaryimage\"},\"image\":{\"@id\":\"https:\\\/\\\/panda360.io\\\/sv\\\/om-oss\\\/#primaryimage\"},\"thumbnailUrl\":\"https:\\\/\\\/panda360.io\\\/wp-content\\\/uploads\\\/shanghai-main-data.jpg\",\"datePublished\":\"2023-12-10T12:58:06+00:00\",\"dateModified\":\"2024-03-31T16:43:06+00:00\",\"breadcrumb\":{\"@id\":\"https:\\\/\\\/panda360.io\\\/sv\\\/om-oss\\\/#breadcrumb\"},\"inLanguage\":\"vi\",\"potentialAction\":[{\"@type\":\"ReadAction\",\"target\":[\"https:\\\/\\\/panda360.io\\\/sv\\\/om-oss\\\/\"]}]},{\"@type\":\"ImageObject\",\"inLanguage\":\"vi\",\"@id\":\"https:\\\/\\\/panda360.io\\\/sv\\\/om-oss\\\/#primaryimage\",\"url\":\"https:\\\/\\\/panda360.io\\\/wp-content\\\/uploads\\\/shanghai-main-data.jpg\",\"contentUrl\":\"https:\\\/\\\/panda360.io\\\/wp-content\\\/uploads\\\/shanghai-main-data.jpg\"},{\"@type\":\"BreadcrumbList\",\"@id\":\"https:\\\/\\\/panda360.io\\\/sv\\\/om-oss\\\/#breadcrumb\",\"itemListElement\":[{\"@type\":\"ListItem\",\"position\":1,\"name\":\"Home\",\"item\":\"https:\\\/\\\/panda360.io\\\/\"},{\"@type\":\"ListItem\",\"position\":2,\"name\":\"About\"}]},{\"@type\":\"WebSite\",\"@id\":\"https:\\\/\\\/panda360.io\\\/ru\\\/#website\",\"url\":\"https:\\\/\\\/panda360.io\\\/ru\\\/\",\"name\":\"Panda360\",\"description\":\"One-Click Chinese Company Verification Report\",\"publisher\":{\"@id\":\"https:\\\/\\\/panda360.io\\\/ru\\\/#organization\"},\"potentialAction\":[{\"@type\":\"SearchAction\",\"target\":{\"@type\":\"EntryPoint\",\"urlTemplate\":\"https:\\\/\\\/panda360.io\\\/ru\\\/?s={search_term_string}\"},\"query-input\":{\"@type\":\"PropertyValueSpecification\",\"valueRequired\":true,\"valueName\":\"search_term_string\"}}],\"inLanguage\":\"vi\"},{\"@type\":\"Organization\",\"@id\":\"https:\\\/\\\/panda360.io\\\/ru\\\/#organization\",\"name\":\"Panda360\",\"url\":\"https:\\\/\\\/panda360.io\\\/ru\\\/\",\"logo\":{\"@type\":\"ImageObject\",\"inLanguage\":\"vi\",\"@id\":\"https:\\\/\\\/panda360.io\\\/ru\\\/#\\\/schema\\\/logo\\\/image\\\/\",\"url\":\"https:\\\/\\\/panda360.io\\\/wp-content\\\/uploads\\\/Copy-of-CHINA-1.png\",\"contentUrl\":\"https:\\\/\\\/panda360.io\\\/wp-content\\\/uploads\\\/Copy-of-CHINA-1.png\",\"width\":326,\"height\":86,\"caption\":\"Panda360\"},\"image\":{\"@id\":\"https:\\\/\\\/panda360.io\\\/ru\\\/#\\\/schema\\\/logo\\\/image\\\/\"}}]}<\/script>\n<!-- \/ Yoast SEO plugin. -->","yoast_head_json":{"title":"Gi\u1edbi Thi\u1ec7u - Panda360","robots":{"index":"index","follow":"follow","max-snippet":"max-snippet:-1","max-image-preview":"max-image-preview:large","max-video-preview":"max-video-preview:-1"},"canonical":"https:\/\/panda360.io\/vi\/ve-chung-toi\/","og_locale":"vi_VN","og_type":"article","og_title":"About - Panda360","og_description":"About Us\u200b Established over 15 years ago in Hong Kong, China, our team specializes in enhancing trust and transparency in international business. Recognizing the limitations of platforms like Alibaba and Made-In-China in identity verification, we are committed to providing superior solutions that address these complex challenges. Our expertise lies in creating reliable, innovative methods to [&hellip;]","og_url":"https:\/\/panda360.io\/vi\/ve-chung-toi\/","og_site_name":"Panda360","article_modified_time":"2024-03-31T16:43:06+00:00","og_image":[{"url":"https:\/\/panda360.io\/wp-content\/uploads\/shanghai-main-data.jpg","type":"","width":"","height":""}],"twitter_card":"summary_large_image","twitter_misc":{"\u01af\u1edbc t\u00ednh th\u1eddi gian \u0111\u1ecdc":"2 ph\u00fat"},"schema":{"@context":"https:\/\/schema.org","@graph":[{"@type":"WebPage","@id":"https:\/\/panda360.io\/sv\/om-oss\/","url":"https:\/\/panda360.io\/sv\/om-oss\/","name":"Gi\u1edbi Thi\u1ec7u - Panda360","isPartOf":{"@id":"https:\/\/panda360.io\/ru\/#website"},"primaryImageOfPage":{"@id":"https:\/\/panda360.io\/sv\/om-oss\/#primaryimage"},"image":{"@id":"https:\/\/panda360.io\/sv\/om-oss\/#primaryimage"},"thumbnailUrl":"https:\/\/panda360.io\/wp-content\/uploads\/shanghai-main-data.jpg","datePublished":"2023-12-10T12:58:06+00:00","dateModified":"2024-03-31T16:43:06+00:00","breadcrumb":{"@id":"https:\/\/panda360.io\/sv\/om-oss\/#breadcrumb"},"inLanguage":"vi","potentialAction":[{"@type":"ReadAction","target":["https:\/\/panda360.io\/sv\/om-oss\/"]}]},{"@type":"ImageObject","inLanguage":"vi","@id":"https:\/\/panda360.io\/sv\/om-oss\/#primaryimage","url":"https:\/\/panda360.io\/wp-content\/uploads\/shanghai-main-data.jpg","contentUrl":"https:\/\/panda360.io\/wp-content\/uploads\/shanghai-main-data.jpg"},{"@type":"BreadcrumbList","@id":"https:\/\/panda360.io\/sv\/om-oss\/#breadcrumb","itemListElement":[{"@type":"ListItem","position":1,"name":"Home","item":"https:\/\/panda360.io\/"},{"@type":"ListItem","position":2,"name":"About"}]},{"@type":"WebSite","@id":"https:\/\/panda360.io\/ru\/#website","url":"https:\/\/panda360.io\/ru\/","name":"Panda360","description":"B\u00e1o c\u00e1o x\u00e1c minh c\u00f4ng ty Trung Qu\u1ed1c b\u1eb1ng m\u1ed9t c\u00fa nh\u1ea5p chu\u1ed9t","publisher":{"@id":"https:\/\/panda360.io\/ru\/#organization"},"potentialAction":[{"@type":"SearchAction","target":{"@type":"EntryPoint","urlTemplate":"https:\/\/panda360.io\/ru\/?s={search_term_string}"},"query-input":{"@type":"PropertyValueSpecification","valueRequired":true,"valueName":"search_term_string"}}],"inLanguage":"vi"},{"@type":"Organization","@id":"https:\/\/panda360.io\/ru\/#organization","name":"Panda360","url":"https:\/\/panda360.io\/ru\/","logo":{"@type":"ImageObject","inLanguage":"vi","@id":"https:\/\/panda360.io\/ru\/#\/schema\/logo\/image\/","url":"https:\/\/panda360.io\/wp-content\/uploads\/Copy-of-CHINA-1.png","contentUrl":"https:\/\/panda360.io\/wp-content\/uploads\/Copy-of-CHINA-1.png","width":326,"height":86,"caption":"Panda360"},"image":{"@id":"https:\/\/panda360.io\/ru\/#\/schema\/logo\/image\/"}}]}},"_links":{"self":[{"href":"https:\/\/panda360.io\/vi\/wp-json\/wp\/v2\/pages\/4139","targetHints":{"allow":["GET"]}}],"collection":[{"href":"https:\/\/panda360.io\/vi\/wp-json\/wp\/v2\/pages"}],"about":[{"href":"https:\/\/panda360.io\/vi\/wp-json\/wp\/v2\/types\/page"}],"author":[{"embeddable":true,"href":"https:\/\/panda360.io\/vi\/wp-json\/wp\/v2\/users\/1"}],"replies":[{"embeddable":true,"href":"https:\/\/panda360.io\/vi\/wp-json\/wp\/v2\/comments?post=4139"}],"version-history":[{"count":0,"href":"https:\/\/panda360.io\/vi\/wp-json\/wp\/v2\/pages\/4139\/revisions"}],"wp:attachment":[{"href":"https:\/\/panda360.io\/vi\/wp-json\/wp\/v2\/media?parent=4139"}],"curies":[{"name":"wp","href":"https:\/\/api.w.org\/{rel}","templated":true}]}}