{"id":174,"date":"2023-08-17T09:30:27","date_gmt":"2023-08-17T09:30:27","guid":{"rendered":"https:\/\/panda360.io\/register\/"},"modified":"2024-03-08T13:46:20","modified_gmt":"2024-03-08T13:46:20","slug":"dang-ky","status":"publish","type":"page","link":"https:\/\/panda360.io\/vi\/register\/","title":{"rendered":"\u0110\u0103ng k\u00fd"},"content":{"rendered":"<div data-elementor-type=\"wp-page\" data-elementor-id=\"174\" class=\"elementor elementor-174\" data-elementor-post-type=\"page\">\n\t\t\t\t<div class=\"elementor-element elementor-element-23eb152 e-con-full e-flex e-con e-parent\" data-id=\"23eb152\" data-element_type=\"container\" data-e-type=\"container\" data-settings=\"{&quot;background_background&quot;:&quot;classic&quot;}\">\n\t\t<div class=\"elementor-element elementor-element-8e605b9 e-con-full e-flex e-con e-child\" data-id=\"8e605b9\" data-element_type=\"container\" data-e-type=\"container\" data-settings=\"{&quot;background_background&quot;:&quot;classic&quot;}\">\n\t\t\t\t<div class=\"elementor-element elementor-element-ccaeaf5 elementor-absolute elementor-view-default elementor-widget elementor-widget-icon\" data-id=\"ccaeaf5\" data-element_type=\"widget\" data-e-type=\"widget\" data-settings=\"{&quot;_position&quot;:&quot;absolute&quot;}\" data-widget_type=\"icon.default\">\n\t\t\t\t<div class=\"elementor-widget-container\">\n\t\t\t\t\t\t\t<div class=\"elementor-icon-wrapper\">\n\t\t\t<a class=\"elementor-icon\" href=\"https:\/\/panda360.io\/vi\">\n\t\t\t<svg aria-hidden=\"true\" class=\"e-font-icon-svg e-fas-arrow-left\" viewbox=\"0 0 448 512\" xmlns=\"http:\/\/www.w3.org\/2000\/svg\"><path d=\"M257.5 445.1l-22.2 22.2c-9.4 9.4-24.6 9.4-33.9 0L7 273c-9.4-9.4-9.4-24.6 0-33.9L201.4 44.7c9.4-9.4 24.6-9.4 33.9 0l22.2 22.2c9.5 9.5 9.3 25-.4 34.3L136.6 216H424c13.3 0 24 10.7 24 24v32c0 13.3-10.7 24-24 24H136.6l120.5 114.8c9.8 9.3 10 24.8.4 34.3z\"><\/path><\/svg>\t\t\t<\/a>\n\t\t<\/div>\n\t\t\t\t\t\t<\/div>\n\t\t\t\t<\/div>\n\t\t\t\t<div class=\"elementor-element elementor-element-a86b580 elementor-widget elementor-widget-heading\" data-id=\"a86b580\" data-element_type=\"widget\" data-e-type=\"widget\" data-widget_type=\"heading.default\">\n\t\t\t\t<div class=\"elementor-widget-container\">\n\t\t\t\t\t<h2 class=\"elementor-heading-title elementor-size-default\">Ch\u00e0o m\u1eebng \u0111\u1ebfn v\u1edbi Panda360.io<\/h2>\t\t\t\t<\/div>\n\t\t\t\t<\/div>\n\t\t\t\t<div class=\"elementor-element elementor-element-cd163d8 elementor-widget elementor-widget-heading\" data-id=\"cd163d8\" data-element_type=\"widget\" data-e-type=\"widget\" data-widget_type=\"heading.default\">\n\t\t\t\t<div class=\"elementor-widget-container\">\n\t\t\t\t\t<h5 class=\"elementor-heading-title elementor-size-default\">B\u1eaft \u0111\u1ea7u x\u00e1c minh \u0111\u1ed1i t\u00e1c Trung Qu\u1ed1c c\u1ee7a b\u1ea1n ngay b\u00e2y gi\u1edd<\/h5>\t\t\t\t<\/div>\n\t\t\t\t<\/div>\n\t\t\t\t<div class=\"elementor-element elementor-element-c2d3e9c elementor-widget elementor-widget-shortcode\" data-id=\"c2d3e9c\" data-element_type=\"widget\" data-e-type=\"widget\" data-widget_type=\"shortcode.default\">\n\t\t\t\t<div class=\"elementor-widget-container\">\n\t\t\t\t\t\t\t<div class=\"elementor-shortcode\">\n<div class=\"um um-register um-168\">\n\t<div class=\"um-form\" data-mode=\"register\">\n\t\t<form method=\"post\" action=\"\" data-trp-original-action=\"\">\n\t\t\t\n\t<div class=\"um-field um-social-login-btns\">\n\t\t<div class=\"um-col-alt\">\n\t\t\t\n\t\t\t\t<div class=\"um-left um-half\">\n\t\t\t\t\t<a href=\"?oauthWindow=true&provider=google\" title=\"\u0110\u0103ng k\u00fd v\u1edbi Google\"\n\t\t\t\t\t\tdata-redirect-url=\"?oauthWindow=true&provider=google\" class=\"um-button um-alt um-button-social um-button-google\" onclick=\"um_social_login_oauth_window( this.href,'authWindow', 'width=600,height=600,scrollbars=yes' );return false;\">\n\t\t\t\t\t\t\t\t\t\t\t\t\t\t<i class=\"um-sso bi bi-google\"><\/i>\n\t\t\t\t\t\t\t\t\t\t\t\t\t<span>\u0110\u0103ng k\u00fd v\u1edbi Google<\/span>\n\t\t\t\t\t\t\t\t\t\t\t<\/a>\n\t\t\t\t<\/div>\n\n\t\t\t\t\n\t\t\t<div class=\"um-clear\"><\/div>\n\t\t<\/div>\n\t<\/div>\n\n\t<style type=\"text\/css\">\n\n\t\t.um-168.um a.um-button.um-button-social {\n\t\t\tpadding-left: 5px !important;\n\t\t\tpadding-right: 5px !important;\n\t\t}\n\n\t\t\t\t\t.um-168.um a.um-button.um-button-google {background-color: #fff!important}\n\t\t\t.um-168.um a.um-button.um-button-google:hover {background-color: #e4e4e4!important}\n\t\t\t.um-168.um a.um-button.um-button-google {color: #000!important}\n\t\t\n\t<\/style>\n\n\t<div class=\"um-row _um_row_1\" style=\"margin: 0 0 30px 0;\"><div class=\"um-col-1\"><div  class=\"um-field um-field-divider  um-field-divider um-field-type_divider\" data-key=\"um_divider_168_4\" style=\"border-bottom:4px solid #eeeeee;\"><div class=\"um-field-divider-text\"><span>HO\u1eb6C<\/span><\/div><\/div><div  id=\"um_field_168_user_email\" class=\"um-field um-field-text  um-field-user_email um-field-text um-field-type_text\" data-key=\"user_email\"><div class=\"um-field-label\"><label for=\"user_email-168\">Nh\u1eadp \u0111\u1ecba ch\u1ec9 email c\u1ee7a b\u1ea1n<\/label><div class=\"um-clear\"><\/div><\/div><div class=\"um-field-area\"><input  autocomplete=\"off\" class=\"um-form-field valid not-required\" type=\"text\" name=\"user_email-168\" id=\"user_email-168\" value=\"\" placeholder=\"Nh\u1eadp \u0111\u1ecba ch\u1ec9 email c\u1ee7a b\u1ea1n\" data-validate=\"unique_email\" data-key=\"user_email\"  aria-invalid=\"false\" \/>\n\n\t\t\t\t\t\t<\/div><\/div><div  id=\"um_field_168_user_password\" class=\"um-field um-field-password  um-field-user_password um-field-password um-field-type_password\" data-key=\"user_password\"><div class=\"um-field-label\"><label for=\"user_password-168\">Ch\u1ecdn m\u1eadt kh\u1ea9u<\/label><div class=\"um-clear\"><\/div><\/div><div class=\"um-field-area\"><div class=\"um-field-area-password\">\n\t\t\t\t\t\t\t\t\t<input class=\"um-form-field valid\" type=\"password\" name=\"user_password-168\" id=\"user_password-168\" value=\"\" placeholder=\"G\u00f5 m\u1eadt kh\u1ea9u\" data-validate=\"\" data-key=\"user_password\"  aria-invalid=\"false\" \/>\n\t\t\t\t\t\t\t\t\t<span class=\"um-toggle-password\"><i class=\"um-icon-eye\"><\/i><\/span>\n\t\t\t\t\t\t\t\t<\/div>\n\t\t\t\t\t\t\t<\/div><\/div><div  id=\"um_field_168_confirm_user_password\" class=\"um-field um-field-password  um-field-user_password um-field-password um-field-type_password\" data-key=\"confirm_user_password\"><div class=\"um-field-label\"><label for=\"confirm_user_password-168\">X\u00e1c nh\u1eadn m\u1eadt kh\u1ea9u c\u1ee7a b\u1ea1n<\/label><div class=\"um-clear\"><\/div><\/div><div class=\"um-field-area\"><div class=\"um-field-area-password\"><input class=\"um-form-field valid\" type=\"password\" name=\"confirm_user_password-168\" id=\"confirm_user_password-168\" value=\"\" placeholder=\"X\u00e1c nh\u1eadn m\u1eadt kh\u1ea9u c\u1ee7a b\u1ea1n\" data-validate=\"\" data-key=\"confirm_user_password\"  aria-invalid=\"false\" \/><span class=\"um-toggle-password\"><i class=\"um-icon-eye\"><\/i><\/span><\/div><\/div><\/div><\/div><\/div>\t<input type=\"hidden\" name=\"form_id\" id=\"form_id_168\" value=\"168\" \/>\n\t\t<p class=\"um_request_name\">\n\t\t<label for=\"um_request_168\">Ch\u1ec9 \u0111i\u1ec1n v\u00e0o n\u1ebfu b\u1ea1n kh\u00f4ng ph\u1ea3i l\u00e0 ng\u01b0\u1eddi<\/label>\n\t\t<input type=\"hidden\" name=\"um_request\" id=\"um_request_168\" class=\"input\" value=\"\" size=\"25\" autocomplete=\"off\" \/>\n\t<\/p>\n\t<input type=\"hidden\" id=\"_wpnonce\" name=\"_wpnonce\" value=\"d64dccf42d\" \/><input type=\"hidden\" name=\"_wp_http_referer\" value=\"\/vi\/wp-json\/wp\/v2\/pages\/174\" \/>\n\t<div class=\"um-col-alt\">\n\n\t\t\n\t\t\t<div class=\"um-center\">\n\t\t\t\t<input type=\"submit\" value=\"\u0110\u0103ng k\u00fd\" class=\"um-button\" id=\"um-submit-btn\" \/>\n\t\t\t<\/div>\n\n\t\t\n\t\t<div class=\"um-clear\"><\/div>\n\n\t<\/div>\n\n\t\t\t<input type=\"hidden\" name=\"trp-form-language\" value=\"vi\"\/><\/form>\n\t<\/div>\n<\/div>\n<style>\n\t\t\t.um-168.um {\n\t\t\tmax-width: 450px;\n\t\t}\n\t\t<\/style>\n<\/div>\n\t\t\t\t\t\t<\/div>\n\t\t\t\t<\/div>\n\t\t\t\t<div class=\"elementor-element elementor-element-e2556b1 elementor-widget elementor-widget-text-editor\" data-id=\"e2556b1\" data-element_type=\"widget\" data-e-type=\"widget\" data-widget_type=\"text-editor.default\">\n\t\t\t\t<div class=\"elementor-widget-container\">\n\t\t\t\t\t\t\t\t\t<p>Ba\u0323n co s\u0103n san \u0111\u00ea\u0309 ta\u0323o m\u00f4\u0323t tai khoa\u0309n? <a href=\"\/vi\/dang-nhap\/\">\u0110\u0103ng nh\u1eadp<\/a><\/p>\t\t\t\t\t\t\t\t<\/div>\n\t\t\t\t<\/div>\n\t\t\t\t<div class=\"elementor-element elementor-element-d31981e elementor-widget elementor-widget-theme-site-title elementor-widget-heading\" data-id=\"d31981e\" data-element_type=\"widget\" data-e-type=\"widget\" data-widget_type=\"theme-site-title.default\">\n\t\t\t\t<div class=\"elementor-widget-container\">\n\t\t\t\t\t<h2 class=\"elementor-heading-title elementor-size-default\"><a href=\"https:\/\/panda360.io\/vi\">Panda360<\/a><\/h2>\t\t\t\t<\/div>\n\t\t\t\t<\/div>\n\t\t\t\t<\/div>\n\t\t<div class=\"elementor-element elementor-element-ebad27b e-con-full elementor-hidden-tablet elementor-hidden-mobile e-flex e-con e-child\" data-id=\"ebad27b\" data-element_type=\"container\" data-e-type=\"container\" data-settings=\"{&quot;background_background&quot;:&quot;classic&quot;}\">\n\t\t\t\t<div class=\"elementor-element elementor-element-593e54c elementor-widget elementor-widget-image\" data-id=\"593e54c\" data-element_type=\"widget\" data-e-type=\"widget\" data-widget_type=\"image.default\">\n\t\t\t\t<div class=\"elementor-widget-container\">\n\t\t\t\t\t\t\t\t\t\t\t\t\t\t\t<img fetchpriority=\"high\" decoding=\"async\" width=\"512\" height=\"512\" src=\"https:\/\/panda360.io\/wp-content\/uploads\/icon.png\" class=\"attachment-medium_large size-medium_large wp-image-4659\" alt=\"\" srcset=\"https:\/\/panda360.io\/wp-content\/uploads\/icon.png 512w, https:\/\/panda360.io\/wp-content\/uploads\/icon-300x300.png 300w, https:\/\/panda360.io\/wp-content\/uploads\/icon-150x150.png 150w, https:\/\/panda360.io\/wp-content\/uploads\/icon-12x12.png 12w\" sizes=\"(max-width: 512px) 100vw, 512px\" \/>\t\t\t\t\t\t\t\t\t\t\t\t\t\t\t<\/div>\n\t\t\t\t<\/div>\n\t\t\t\t<div class=\"elementor-element elementor-element-859af22 elementor-widget-mobile__width-inherit elementor-hidden-mobile elementor-widget elementor-widget-heading\" data-id=\"859af22\" data-element_type=\"widget\" data-e-type=\"widget\" data-widget_type=\"heading.default\">\n\t\t\t\t<div class=\"elementor-widget-container\">\n\t\t\t\t\t<h1 class=\"elementor-heading-title elementor-size-default\">Ki\u1ec3m tra b\u1ea5t k\u1ef3 c\u00f4ng ty n\u00e0o \u1edf Trung Qu\u1ed1c<\/h1>\t\t\t\t<\/div>\n\t\t\t\t<\/div>\n\t\t\t\t<\/div>\n\t\t\t\t<\/div>\n\t\t\t\t<\/div>","protected":false},"excerpt":{"rendered":"<p>Ch\u00e0o m\u1eebng b\u1ea1n \u0111\u1ebfn v\u1edbi Panda360.io B\u1eaft \u0111\u1ea7u x\u00e1c minh \u0111\u1ed1i t\u00e1c Trung Qu\u1ed1c c\u1ee7a b\u1ea1n ngay b\u00e2y gi\u1edd B\u1ea1n \u0111\u00e3 c\u00f3 t\u00e0i kho\u1ea3n? \u0110\u0103ng nh\u1eadp Ki\u1ec3m tra b\u1ea5t k\u1ef3 c\u00f4ng ty n\u00e0o \u1edf Trung Qu\u1ed1c<\/p>","protected":false},"author":1,"featured_media":0,"parent":0,"menu_order":0,"comment_status":"closed","ping_status":"closed","template":"","meta":{"footnotes":""},"class_list":["post-174","page","type-page","status-publish","hentry"],"yoast_head":"<!-- This site is optimized with the Yoast SEO plugin v27.5 - https:\/\/yoast.com\/product\/yoast-seo-wordpress\/ -->\n<title>Register - Panda360<\/title>\n<meta name=\"robots\" content=\"index, follow, max-snippet:-1, max-image-preview:large, max-video-preview:-1\" \/>\n<link rel=\"canonical\" href=\"https:\/\/panda360.io\/vi\/dang-ky\/\" \/>\n<meta property=\"og:locale\" content=\"vi_VN\" \/>\n<meta property=\"og:type\" content=\"article\" \/>\n<meta property=\"og:title\" content=\"Register - Panda360\" \/>\n<meta property=\"og:description\" content=\"Welcome to Panda360.io Start to verify your Chinese partners now Already have an account? Log in Check-up on any company in China\" \/>\n<meta property=\"og:url\" content=\"https:\/\/panda360.io\/vi\/dang-ky\/\" \/>\n<meta property=\"og:site_name\" content=\"Panda360\" \/>\n<meta property=\"article:modified_time\" content=\"2024-03-08T13:46:20+00:00\" \/>\n<meta property=\"og:image\" content=\"https:\/\/panda360.io\/wp-content\/uploads\/icon.png\" \/>\n<meta name=\"twitter:card\" content=\"summary_large_image\" \/>\n<meta name=\"twitter:label1\" content=\"\u01af\u1edbc t\u00ednh th\u1eddi gian \u0111\u1ecdc\" \/>\n\t<meta name=\"twitter:data1\" content=\"1 ph\u00fat\" \/>\n<script type=\"application\/ld+json\" class=\"yoast-schema-graph\">{\"@context\":\"https:\\\/\\\/schema.org\",\"@graph\":[{\"@type\":\"WebPage\",\"@id\":\"https:\\\/\\\/panda360.io\\\/register\\\/\",\"url\":\"https:\\\/\\\/panda360.io\\\/register\\\/\",\"name\":\"Register - Panda360\",\"isPartOf\":{\"@id\":\"https:\\\/\\\/panda360.io\\\/ru\\\/#website\"},\"primaryImageOfPage\":{\"@id\":\"https:\\\/\\\/panda360.io\\\/register\\\/#primaryimage\"},\"image\":{\"@id\":\"https:\\\/\\\/panda360.io\\\/register\\\/#primaryimage\"},\"thumbnailUrl\":\"https:\\\/\\\/panda360.io\\\/wp-content\\\/uploads\\\/icon.png\",\"datePublished\":\"2023-08-17T09:30:27+00:00\",\"dateModified\":\"2024-03-08T13:46:20+00:00\",\"breadcrumb\":{\"@id\":\"https:\\\/\\\/panda360.io\\\/register\\\/#breadcrumb\"},\"inLanguage\":\"vi\",\"potentialAction\":[{\"@type\":\"ReadAction\",\"target\":[\"https:\\\/\\\/panda360.io\\\/register\\\/\"]}]},{\"@type\":\"ImageObject\",\"inLanguage\":\"vi\",\"@id\":\"https:\\\/\\\/panda360.io\\\/register\\\/#primaryimage\",\"url\":\"https:\\\/\\\/panda360.io\\\/wp-content\\\/uploads\\\/icon.png\",\"contentUrl\":\"https:\\\/\\\/panda360.io\\\/wp-content\\\/uploads\\\/icon.png\"},{\"@type\":\"BreadcrumbList\",\"@id\":\"https:\\\/\\\/panda360.io\\\/register\\\/#breadcrumb\",\"itemListElement\":[{\"@type\":\"ListItem\",\"position\":1,\"name\":\"Home\",\"item\":\"https:\\\/\\\/panda360.io\\\/\"},{\"@type\":\"ListItem\",\"position\":2,\"name\":\"Register\"}]},{\"@type\":\"WebSite\",\"@id\":\"https:\\\/\\\/panda360.io\\\/ru\\\/#website\",\"url\":\"https:\\\/\\\/panda360.io\\\/ru\\\/\",\"name\":\"Panda360\",\"description\":\"One-Click Chinese Company Verification Report\",\"publisher\":{\"@id\":\"https:\\\/\\\/panda360.io\\\/ru\\\/#organization\"},\"potentialAction\":[{\"@type\":\"SearchAction\",\"target\":{\"@type\":\"EntryPoint\",\"urlTemplate\":\"https:\\\/\\\/panda360.io\\\/ru\\\/?s={search_term_string}\"},\"query-input\":{\"@type\":\"PropertyValueSpecification\",\"valueRequired\":true,\"valueName\":\"search_term_string\"}}],\"inLanguage\":\"vi\"},{\"@type\":\"Organization\",\"@id\":\"https:\\\/\\\/panda360.io\\\/ru\\\/#organization\",\"name\":\"Panda360\",\"url\":\"https:\\\/\\\/panda360.io\\\/ru\\\/\",\"logo\":{\"@type\":\"ImageObject\",\"inLanguage\":\"vi\",\"@id\":\"https:\\\/\\\/panda360.io\\\/ru\\\/#\\\/schema\\\/logo\\\/image\\\/\",\"url\":\"https:\\\/\\\/panda360.io\\\/wp-content\\\/uploads\\\/Copy-of-CHINA-1.png\",\"contentUrl\":\"https:\\\/\\\/panda360.io\\\/wp-content\\\/uploads\\\/Copy-of-CHINA-1.png\",\"width\":326,\"height\":86,\"caption\":\"Panda360\"},\"image\":{\"@id\":\"https:\\\/\\\/panda360.io\\\/ru\\\/#\\\/schema\\\/logo\\\/image\\\/\"}}]}<\/script>\n<!-- \/ Yoast SEO plugin. -->","yoast_head_json":{"title":"\u0110\u0103ng k\u00fd - Panda360","robots":{"index":"index","follow":"follow","max-snippet":"max-snippet:-1","max-image-preview":"max-image-preview:large","max-video-preview":"max-video-preview:-1"},"canonical":"https:\/\/panda360.io\/vi\/dang-ky\/","og_locale":"vi_VN","og_type":"article","og_title":"Register - Panda360","og_description":"Welcome to Panda360.io Start to verify your Chinese partners now Already have an account? Log in Check-up on any company in China","og_url":"https:\/\/panda360.io\/vi\/dang-ky\/","og_site_name":"Panda360","article_modified_time":"2024-03-08T13:46:20+00:00","og_image":[{"url":"https:\/\/panda360.io\/wp-content\/uploads\/icon.png","type":"","width":"","height":""}],"twitter_card":"summary_large_image","twitter_misc":{"\u01af\u1edbc t\u00ednh th\u1eddi gian \u0111\u1ecdc":"1 ph\u00fat"},"schema":{"@context":"https:\/\/schema.org","@graph":[{"@type":"WebPage","@id":"https:\/\/panda360.io\/register\/","url":"https:\/\/panda360.io\/register\/","name":"\u0110\u0103ng k\u00fd - Panda360","isPartOf":{"@id":"https:\/\/panda360.io\/ru\/#website"},"primaryImageOfPage":{"@id":"https:\/\/panda360.io\/register\/#primaryimage"},"image":{"@id":"https:\/\/panda360.io\/register\/#primaryimage"},"thumbnailUrl":"https:\/\/panda360.io\/wp-content\/uploads\/icon.png","datePublished":"2023-08-17T09:30:27+00:00","dateModified":"2024-03-08T13:46:20+00:00","breadcrumb":{"@id":"https:\/\/panda360.io\/register\/#breadcrumb"},"inLanguage":"vi","potentialAction":[{"@type":"ReadAction","target":["https:\/\/panda360.io\/register\/"]}]},{"@type":"ImageObject","inLanguage":"vi","@id":"https:\/\/panda360.io\/register\/#primaryimage","url":"https:\/\/panda360.io\/wp-content\/uploads\/icon.png","contentUrl":"https:\/\/panda360.io\/wp-content\/uploads\/icon.png"},{"@type":"BreadcrumbList","@id":"https:\/\/panda360.io\/register\/#breadcrumb","itemListElement":[{"@type":"ListItem","position":1,"name":"Home","item":"https:\/\/panda360.io\/"},{"@type":"ListItem","position":2,"name":"Register"}]},{"@type":"WebSite","@id":"https:\/\/panda360.io\/ru\/#website","url":"https:\/\/panda360.io\/ru\/","name":"Panda360","description":"B\u00e1o c\u00e1o x\u00e1c minh c\u00f4ng ty Trung Qu\u1ed1c b\u1eb1ng m\u1ed9t c\u00fa nh\u1ea5p chu\u1ed9t","publisher":{"@id":"https:\/\/panda360.io\/ru\/#organization"},"potentialAction":[{"@type":"SearchAction","target":{"@type":"EntryPoint","urlTemplate":"https:\/\/panda360.io\/ru\/?s={search_term_string}"},"query-input":{"@type":"PropertyValueSpecification","valueRequired":true,"valueName":"search_term_string"}}],"inLanguage":"vi"},{"@type":"Organization","@id":"https:\/\/panda360.io\/ru\/#organization","name":"Panda360","url":"https:\/\/panda360.io\/ru\/","logo":{"@type":"ImageObject","inLanguage":"vi","@id":"https:\/\/panda360.io\/ru\/#\/schema\/logo\/image\/","url":"https:\/\/panda360.io\/wp-content\/uploads\/Copy-of-CHINA-1.png","contentUrl":"https:\/\/panda360.io\/wp-content\/uploads\/Copy-of-CHINA-1.png","width":326,"height":86,"caption":"Panda360"},"image":{"@id":"https:\/\/panda360.io\/ru\/#\/schema\/logo\/image\/"}}]}},"_links":{"self":[{"href":"https:\/\/panda360.io\/vi\/wp-json\/wp\/v2\/pages\/174","targetHints":{"allow":["GET"]}}],"collection":[{"href":"https:\/\/panda360.io\/vi\/wp-json\/wp\/v2\/pages"}],"about":[{"href":"https:\/\/panda360.io\/vi\/wp-json\/wp\/v2\/types\/page"}],"author":[{"embeddable":true,"href":"https:\/\/panda360.io\/vi\/wp-json\/wp\/v2\/users\/1"}],"replies":[{"embeddable":true,"href":"https:\/\/panda360.io\/vi\/wp-json\/wp\/v2\/comments?post=174"}],"version-history":[{"count":0,"href":"https:\/\/panda360.io\/vi\/wp-json\/wp\/v2\/pages\/174\/revisions"}],"wp:attachment":[{"href":"https:\/\/panda360.io\/vi\/wp-json\/wp\/v2\/media?parent=174"}],"curies":[{"name":"wp","href":"https:\/\/api.w.org\/{rel}","templated":true}]}}