{"id":4139,"date":"2023-12-10T12:58:06","date_gmt":"2023-12-10T12:58:06","guid":{"rendered":"https:\/\/panda360.io\/?page_id=4139"},"modified":"2024-03-31T16:43:06","modified_gmt":"2024-03-31T16:43:06","slug":"meista","status":"publish","type":"page","link":"https:\/\/panda360.io\/fi\/about-us\/","title":{"rendered":"Noin"},"content":{"rendered":"<div data-elementor-type=\"wp-page\" data-elementor-id=\"4139\" class=\"elementor elementor-4139\" data-elementor-post-type=\"page\">\n\t\t\t\t<div class=\"elementor-element elementor-element-4bf97739 e-con-full e-flex e-con e-parent\" data-id=\"4bf97739\" data-element_type=\"container\" data-e-type=\"container\">\n\t\t<div class=\"elementor-element elementor-element-2a6c8a5f e-con-full e-flex e-con e-child\" data-id=\"2a6c8a5f\" data-element_type=\"container\" data-e-type=\"container\">\n\t\t\t\t<div class=\"elementor-element elementor-element-26e2d424 elementor-widget elementor-widget-heading\" data-id=\"26e2d424\" data-element_type=\"widget\" data-e-type=\"widget\" data-widget_type=\"heading.default\">\n\t\t\t\t<div class=\"elementor-widget-container\">\n\t\t\t\t\t<h1 class=\"elementor-heading-title elementor-size-default\">Tietoja meist\u00e4<\/h1>\t\t\t\t<\/div>\n\t\t\t\t<\/div>\n\t\t\t\t<div class=\"elementor-element elementor-element-290fe85e elementor-widget elementor-widget-text-editor\" data-id=\"290fe85e\" data-element_type=\"widget\" data-e-type=\"widget\" data-widget_type=\"text-editor.default\">\n\t\t\t\t<div class=\"elementor-widget-container\">\n\t\t\t\t\t\t\t\t\t<p>Yli 15 vuotta sitten Hongkongissa Kiinassa perustettu tiimimme on erikoistunut luottamuksen ja l\u00e4pin\u00e4kyvyyden lis\u00e4\u00e4miseen kansainv\u00e4lisess\u00e4 liiketoiminnassa.<\/p><p>Tunnustamme Alibaban ja Made-In-Chinan kaltaisten alustojen rajoitukset henkil\u00f6llisyyden vahvistamisessa, ja olemme sitoutuneet tarjoamaan ylivoimaisia ratkaisuja n\u00e4ihin monimutkaisiin haasteisiin.<\/p><p>Asiantuntemuksemme perustuu luotettavien, innovatiivisten menetelmien luomiseen turvallisen ja l\u00e4pin\u00e4kyv\u00e4n maailmanlaajuisen kaupan vuorovaikutuksen varmistamiseksi<\/p>\t\t\t\t\t\t\t\t<\/div>\n\t\t\t\t<\/div>\n\t\t\t\t<\/div>\n\t\t<div class=\"elementor-element elementor-element-38a3c906 e-con-full e-flex e-con e-child\" data-id=\"38a3c906\" data-element_type=\"container\" data-e-type=\"container\" data-settings=\"{&quot;background_background&quot;:&quot;classic&quot;}\">\n\t\t\t\t<div class=\"elementor-element elementor-element-6948b2c8 elementor-widget elementor-widget-image\" data-id=\"6948b2c8\" data-element_type=\"widget\" data-e-type=\"widget\" data-widget_type=\"image.default\">\n\t\t\t\t<div class=\"elementor-widget-container\">\n\t\t\t\t\t\t\t\t\t\t\t\t\t\t\t<img fetchpriority=\"high\" decoding=\"async\" width=\"768\" height=\"768\" src=\"https:\/\/panda360.io\/wp-content\/uploads\/shanghai-main-data.jpg\" class=\"attachment-large size-large wp-image-5017\" alt=\"\" srcset=\"https:\/\/panda360.io\/wp-content\/uploads\/shanghai-main-data.jpg 768w, https:\/\/panda360.io\/wp-content\/uploads\/shanghai-main-data-300x300.jpg 300w, https:\/\/panda360.io\/wp-content\/uploads\/shanghai-main-data-150x150.jpg 150w, https:\/\/panda360.io\/wp-content\/uploads\/shanghai-main-data-12x12.jpg 12w\" sizes=\"(max-width: 768px) 100vw, 768px\" \/>\t\t\t\t\t\t\t\t\t\t\t\t\t\t\t<\/div>\n\t\t\t\t<\/div>\n\t\t\t\t<\/div>\n\t\t\t\t<\/div>\n\t\t<div class=\"elementor-element elementor-element-2f6c5040 e-flex e-con-boxed e-con e-parent\" data-id=\"2f6c5040\" data-element_type=\"container\" data-e-type=\"container\">\n\t\t\t\t\t<div class=\"e-con-inner\">\n\t\t<div class=\"elementor-element elementor-element-5a31cf78 e-con-full e-flex e-con e-child\" data-id=\"5a31cf78\" data-element_type=\"container\" data-e-type=\"container\">\n\t\t\t\t<div class=\"elementor-element elementor-element-2f4f4827 elementor-widget elementor-widget-image\" data-id=\"2f4f4827\" data-element_type=\"widget\" data-e-type=\"widget\" data-widget_type=\"image.default\">\n\t\t\t\t<div class=\"elementor-widget-container\">\n\t\t\t\t\t\t\t\t\t\t\t\t\t\t\t<img decoding=\"async\" src=\"https:\/\/panda360.io\/wp-content\/uploads\/elementor\/thumbs\/BEIJING_1_MAIN-shutterstock_1263558487__001-2200x1200-1-qm12c91b1q0gl09fwf14x6qy7w085y2rocfpbaztvk.jpg\" title=\"BEIJING_1_MAIN-shutterstock_1263558487__001-2200\u00d71200\" alt=\"BEIJING_1_MAIN-shutterstock_1263558487__001-2200x1200\" loading=\"lazy\" \/>\t\t\t\t\t\t\t\t\t\t\t\t\t\t\t<\/div>\n\t\t\t\t<\/div>\n\t\t\t\t<\/div>\n\t\t<div class=\"elementor-element elementor-element-7f91873d e-con-full e-flex e-con e-child\" data-id=\"7f91873d\" data-element_type=\"container\" data-e-type=\"container\">\n\t\t\t\t<div class=\"elementor-element elementor-element-634d8bd5 elementor-widget elementor-widget-heading\" data-id=\"634d8bd5\" data-element_type=\"widget\" data-e-type=\"widget\" data-widget_type=\"heading.default\">\n\t\t\t\t<div class=\"elementor-widget-container\">\n\t\t\t\t\t<h2 class=\"elementor-heading-title elementor-size-default\">Teht\u00e4v\u00e4mme<\/h2>\t\t\t\t<\/div>\n\t\t\t\t<\/div>\n\t\t\t\t<div class=\"elementor-element elementor-element-17c15d03 elementor-widget elementor-widget-text-editor\" data-id=\"17c15d03\" data-element_type=\"widget\" data-e-type=\"widget\" data-widget_type=\"text-editor.default\">\n\t\t\t\t<div class=\"elementor-widget-container\">\n\t\t\t\t\t\t\t\t\t<p>Tunnistamme kohtaamasi haasteet kielimuurista luotettavan ja perusteellisen tiedon l\u00f6yt\u00e4miseen kiinalaisista yrityksist\u00e4. Teht\u00e4v\u00e4mme on olla enemm\u00e4n kuin pelkk\u00e4 tiedon l\u00e4hde; olemme t\u00e4\u00e4ll\u00e4 tarjotaksemme aitoja ratkaisuja. Ainutlaatuinen vahvistuspalvelumme hy\u00f6dynt\u00e4\u00e4 runsaasti virallisia ja viranomaisl\u00e4hteit\u00e4, ja se tarjoaa sinulle t\u00e4rkeit\u00e4 ja ajantasaisia tietoja.<\/p><p>Erityinen etumme on tehd\u00e4 monimutkaisesta tiedosta helposti l\u00e4hestytt\u00e4v\u00e4\u00e4 ja k\u00e4yt\u00e4nn\u00f6llist\u00e4. Raporttimme ovat kattavia ja toimitetaan nopeasti, ja ne on j\u00e4sennelty selkeyden ja ymm\u00e4rt\u00e4misen helpottamiseksi. Olemme sitoutuneet opastamaan sinut tiedon sokkelon l\u00e4pi ja varmistamaan, ett\u00e4 k\u00e4\u00e4nn\u00f6kset eiv\u00e4t menet\u00e4 mit\u00e4\u00e4n.<\/p><p>Panda360 ei ole pelkk\u00e4 alusta \u2013 olemme strateginen liittolaisesi, joka antaa sinulle mahdollisuuden tehd\u00e4 tietoisia p\u00e4\u00e4t\u00f6ksi\u00e4 Kiinan markkinoilla. Anna meid\u00e4n muuttaa haasteesi mahdollisuuksiksi.<\/p>\t\t\t\t\t\t\t\t<\/div>\n\t\t\t\t<\/div>\n\t\t\t\t<\/div>\n\t\t\t\t\t<\/div>\n\t\t\t\t<\/div>\n\t\t<div class=\"elementor-element elementor-element-7ab3ee97 e-flex e-con-boxed e-con e-parent\" data-id=\"7ab3ee97\" data-element_type=\"container\" data-e-type=\"container\">\n\t\t\t\t\t<div class=\"e-con-inner\">\n\t\t<div class=\"elementor-element elementor-element-11a39da6 e-con-full e-flex e-con e-child\" data-id=\"11a39da6\" data-element_type=\"container\" data-e-type=\"container\">\n\t\t\t\t<div class=\"elementor-element elementor-element-14c31fea elementor-widget elementor-widget-heading\" data-id=\"14c31fea\" data-element_type=\"widget\" data-e-type=\"widget\" data-widget_type=\"heading.default\">\n\t\t\t\t<div class=\"elementor-widget-container\">\n\t\t\t\t\t<h2 class=\"elementor-heading-title elementor-size-default\">Miksi valita Panda360<\/h2>\t\t\t\t<\/div>\n\t\t\t\t<\/div>\n\t\t\t\t<div class=\"elementor-element elementor-element-2a78f8a5 elementor-widget elementor-widget-text-editor\" data-id=\"2a78f8a5\" data-element_type=\"widget\" data-e-type=\"widget\" data-widget_type=\"text-editor.default\">\n\t\t\t\t<div class=\"elementor-widget-container\">\n\t\t\t\t\t\t\t\t\t<p>Panda360:n valitseminen kiinalaisen yrityksen todentamiseen varmistaa, ett\u00e4 olet yhteisty\u00f6ss\u00e4 alan johtavan yrityksen kanssa. Tarjoamme kattavia raportteja, jotka antavat sinulle tietoa, jota tarvitaan tietoon perustuvien p\u00e4\u00e4t\u00f6sten tekemiseen, mik\u00e4 edist\u00e4\u00e4 turvallisia ja luotettavia liikesuhteita.<\/p>\t\t\t\t\t\t\t\t<\/div>\n\t\t\t\t<\/div>\n\t\t\t\t<div class=\"elementor-element elementor-element-5628ffb8 elementor-align-start elementor-icon-list--layout-traditional elementor-list-item-link-full_width elementor-widget elementor-widget-icon-list\" data-id=\"5628ffb8\" data-element_type=\"widget\" data-e-type=\"widget\" data-widget_type=\"icon-list.default\">\n\t\t\t\t<div class=\"elementor-widget-container\">\n\t\t\t\t\t\t\t<ul class=\"elementor-icon-list-items\">\n\t\t\t\t\t\t\t<li class=\"elementor-icon-list-item\">\n\t\t\t\t\t\t\t\t\t\t\t<a href=\"#\">\n\n\t\t\t\t\t\t\t\t\t\t\t\t<span class=\"elementor-icon-list-icon\">\n\t\t\t\t\t\t\t<svg aria-hidden=\"true\" class=\"e-font-icon-svg e-fas-square-full\" viewbox=\"0 0 512 512\" xmlns=\"http:\/\/www.w3.org\/2000\/svg\"><path d=\"M512 512H0V0h512v512z\"><\/path><\/svg>\t\t\t\t\t\t<\/span>\n\t\t\t\t\t\t\t\t\t\t<span class=\"elementor-icon-list-text\">Tarkkuus ja luotettavuus<\/span>\n\t\t\t\t\t\t\t\t\t\t\t<\/a>\n\t\t\t\t\t\t\t\t\t<\/li>\n\t\t\t\t\t\t\t\t<li class=\"elementor-icon-list-item\">\n\t\t\t\t\t\t\t\t\t\t\t<a href=\"#\">\n\n\t\t\t\t\t\t\t\t\t\t\t\t<span class=\"elementor-icon-list-icon\">\n\t\t\t\t\t\t\t<svg aria-hidden=\"true\" class=\"e-font-icon-svg e-fas-square-full\" viewbox=\"0 0 512 512\" xmlns=\"http:\/\/www.w3.org\/2000\/svg\"><path d=\"M512 512H0V0h512v512z\"><\/path><\/svg>\t\t\t\t\t\t<\/span>\n\t\t\t\t\t\t\t\t\t\t<span class=\"elementor-icon-list-text\">Kattavat oivallukset<\/span>\n\t\t\t\t\t\t\t\t\t\t\t<\/a>\n\t\t\t\t\t\t\t\t\t<\/li>\n\t\t\t\t\t\t\t\t<li class=\"elementor-icon-list-item\">\n\t\t\t\t\t\t\t\t\t\t\t<a href=\"#\">\n\n\t\t\t\t\t\t\t\t\t\t\t\t<span class=\"elementor-icon-list-icon\">\n\t\t\t\t\t\t\t<svg aria-hidden=\"true\" class=\"e-font-icon-svg e-fas-square-full\" viewbox=\"0 0 512 512\" xmlns=\"http:\/\/www.w3.org\/2000\/svg\"><path d=\"M512 512H0V0h512v512z\"><\/path><\/svg>\t\t\t\t\t\t<\/span>\n\t\t\t\t\t\t\t\t\t\t<span class=\"elementor-icon-list-text\">Riskinhallintatoimenpiteit\u00e4<\/span>\n\t\t\t\t\t\t\t\t\t\t\t<\/a>\n\t\t\t\t\t\t\t\t\t<\/li>\n\t\t\t\t\t\t\t\t<li class=\"elementor-icon-list-item\">\n\t\t\t\t\t\t\t\t\t\t\t<a href=\"#\">\n\n\t\t\t\t\t\t\t\t\t\t\t\t<span class=\"elementor-icon-list-icon\">\n\t\t\t\t\t\t\t<svg aria-hidden=\"true\" class=\"e-font-icon-svg e-fas-square-full\" viewbox=\"0 0 512 512\" xmlns=\"http:\/\/www.w3.org\/2000\/svg\"><path d=\"M512 512H0V0h512v512z\"><\/path><\/svg>\t\t\t\t\t\t<\/span>\n\t\t\t\t\t\t\t\t\t\t<span class=\"elementor-icon-list-text\">Helppok\u00e4ytt\u00f6isyys<\/span>\n\t\t\t\t\t\t\t\t\t\t\t<\/a>\n\t\t\t\t\t\t\t\t\t<\/li>\n\t\t\t\t\t\t\t\t<li class=\"elementor-icon-list-item\">\n\t\t\t\t\t\t\t\t\t\t\t<a href=\"#\">\n\n\t\t\t\t\t\t\t\t\t\t\t\t<span class=\"elementor-icon-list-icon\">\n\t\t\t\t\t\t\t<svg aria-hidden=\"true\" class=\"e-font-icon-svg e-fas-square-full\" viewbox=\"0 0 512 512\" xmlns=\"http:\/\/www.w3.org\/2000\/svg\"><path d=\"M512 512H0V0h512v512z\"><\/path><\/svg>\t\t\t\t\t\t<\/span>\n\t\t\t\t\t\t\t\t\t\t<span class=\"elementor-icon-list-text\">Maailmanlaajuinen kattavuus<\/span>\n\t\t\t\t\t\t\t\t\t\t\t<\/a>\n\t\t\t\t\t\t\t\t\t<\/li>\n\t\t\t\t\t\t<\/ul>\n\t\t\t\t\t\t<\/div>\n\t\t\t\t<\/div>\n\t\t\t\t<\/div>\n\t\t<div class=\"elementor-element elementor-element-5b6db95f e-con-full e-flex e-con e-child\" data-id=\"5b6db95f\" data-element_type=\"container\" data-e-type=\"container\">\n\t\t\t\t<div class=\"elementor-element elementor-element-7c29e52d elementor-widget elementor-widget-image\" data-id=\"7c29e52d\" data-element_type=\"widget\" data-e-type=\"widget\" data-widget_type=\"image.default\">\n\t\t\t\t<div class=\"elementor-widget-container\">\n\t\t\t\t\t\t\t\t\t\t\t\t\t\t\t<img decoding=\"async\" src=\"https:\/\/panda360.io\/wp-content\/uploads\/elementor\/thumbs\/HongKongSkyline-scaled-qm136pyyldq2xy02z36r8zxvgjtkoq1iv5rcd7te68.jpg\" title=\"HongKong Skyline\" alt=\"HongKong Skyline\" loading=\"lazy\" \/>\t\t\t\t\t\t\t\t\t\t\t\t\t\t\t<\/div>\n\t\t\t\t<\/div>\n\t\t\t\t<\/div>\n\t\t\t\t\t<\/div>\n\t\t\t\t<\/div>\n\t\t<div class=\"elementor-element elementor-element-4d3b4bc9 e-flex e-con-boxed e-con e-parent\" data-id=\"4d3b4bc9\" data-element_type=\"container\" data-e-type=\"container\">\n\t\t\t\t\t<div class=\"e-con-inner\">\n\t\t\t\t<div class=\"elementor-element elementor-element-21d2227d elementor-widget elementor-widget-heading\" data-id=\"21d2227d\" data-element_type=\"widget\" data-e-type=\"widget\" data-widget_type=\"heading.default\">\n\t\t\t\t<div class=\"elementor-widget-container\">\n\t\t\t\t\t<h3 class=\"elementor-heading-title elementor-size-default\">Yksinkertainen, nopea, v\u00e4ltt\u00e4m\u00e4t\u00f6n<\/h3>\t\t\t\t<\/div>\n\t\t\t\t<\/div>\n\t\t\t\t<div class=\"elementor-element elementor-element-7a5ebfe0 elementor-widget elementor-widget-text-editor\" data-id=\"7a5ebfe0\" data-element_type=\"widget\" data-e-type=\"widget\" data-widget_type=\"text-editor.default\">\n\t\t\t\t<div class=\"elementor-widget-container\">\n\t\t\t\t\t\t\t\t\t<p>Et l\u00f6yd\u00e4 parempaa ty\u00f6kalua Kiinan virallisen yritysrekisterin lukemiseen omalla kielell\u00e4si verkosta.<\/p>\t\t\t\t\t\t\t\t<\/div>\n\t\t\t\t<\/div>\n\t\t\t\t<div class=\"elementor-element elementor-element-38a61d1 elementor-align-center elementor-widget elementor-widget-button\" data-id=\"38a61d1\" data-element_type=\"widget\" data-e-type=\"widget\" data-widget_type=\"button.default\">\n\t\t\t\t<div class=\"elementor-widget-container\">\n\t\t\t\t\t\t\t\t\t<div class=\"elementor-button-wrapper\">\n\t\t\t\t\t<a class=\"elementor-button elementor-button-link elementor-size-md\" href=\"\/fi\/register\/\">\n\t\t\t\t\t\t<span class=\"elementor-button-content-wrapper\">\n\t\t\t\t\t\t\t\t\t<span class=\"elementor-button-text\">Vahvista yritys nyt<\/span>\n\t\t\t\t\t<\/span>\n\t\t\t\t\t<\/a>\n\t\t\t\t<\/div>\n\t\t\t\t\t\t\t\t<\/div>\n\t\t\t\t<\/div>\n\t\t\t\t\t<\/div>\n\t\t\t\t<\/div>\n\t\t<div class=\"elementor-element elementor-element-72232b1 e-flex e-con-boxed e-con e-parent\" data-id=\"72232b1\" data-element_type=\"container\" data-e-type=\"container\" data-settings=\"{&quot;background_background&quot;:&quot;classic&quot;}\">\n\t\t\t\t\t<div class=\"e-con-inner\">\n\t\t\t\t<div class=\"elementor-element elementor-element-c635284 elementor-widget elementor-widget-heading\" data-id=\"c635284\" data-element_type=\"widget\" data-e-type=\"widget\" data-widget_type=\"heading.default\">\n\t\t\t\t<div class=\"elementor-widget-container\">\n\t\t\t\t\t<h2 class=\"elementor-heading-title elementor-size-default\">Turvaa yrityksesi Kiinan kanssa<\/h2>\t\t\t\t<\/div>\n\t\t\t\t<\/div>\n\t\t\t\t<div class=\"elementor-element elementor-element-8a5e527 elementor-widget elementor-widget-heading\" data-id=\"8a5e527\" data-element_type=\"widget\" data-e-type=\"widget\" data-widget_type=\"heading.default\">\n\t\t\t\t<div class=\"elementor-widget-container\">\n\t\t\t\t\t<h2 class=\"elementor-heading-title elementor-size-default\">Miksi sinun on tiedett\u00e4v\u00e4 perustiedot kiinalaisista kumppaneistasi<\/h2>\t\t\t\t<\/div>\n\t\t\t\t<\/div>\n\t\t\t\t<div class=\"elementor-element elementor-element-7cc4266 elementor-align-center elementor-widget elementor-widget-button\" data-id=\"7cc4266\" data-element_type=\"widget\" data-e-type=\"widget\" data-widget_type=\"button.default\">\n\t\t\t\t<div class=\"elementor-widget-container\">\n\t\t\t\t\t\t\t\t\t<div class=\"elementor-button-wrapper\">\n\t\t\t\t\t<a class=\"elementor-button elementor-button-link elementor-size-lg elementor-animation-grow\" href=\"\/fi\/miksi-sinun-on-tiedettava-perustiedot-kiinalaisesta-toimittajastasi\/\">\n\t\t\t\t\t\t<span class=\"elementor-button-content-wrapper\">\n\t\t\t\t\t\t\t\t\t<span class=\"elementor-button-text\">Lue artikkelimme<\/span>\n\t\t\t\t\t<\/span>\n\t\t\t\t\t<\/a>\n\t\t\t\t<\/div>\n\t\t\t\t\t\t\t\t<\/div>\n\t\t\t\t<\/div>\n\t\t\t\t\t<\/div>\n\t\t\t\t<\/div>\n\t\t\t\t<\/div>","protected":false},"excerpt":{"rendered":"<p>About Us\u200b Established over 15 years ago in Hong Kong, China, our team specializes in enhancing trust and transparency in international business. Recognizing the limitations of platforms like Alibaba and Made-In-China in identity verification, we are committed to providing superior solutions that address these complex challenges. Our expertise lies in creating reliable, innovative methods to [&hellip;]<\/p>\n","protected":false},"author":1,"featured_media":0,"parent":0,"menu_order":0,"comment_status":"closed","ping_status":"closed","template":"","meta":{"footnotes":""},"class_list":["post-4139","page","type-page","status-publish","hentry"],"yoast_head":"<!-- This site is optimized with the Yoast SEO plugin v27.5 - https:\/\/yoast.com\/product\/yoast-seo-wordpress\/ -->\n<title>About - Panda360<\/title>\n<meta name=\"robots\" content=\"index, follow, max-snippet:-1, max-image-preview:large, max-video-preview:-1\" \/>\n<link rel=\"canonical\" href=\"https:\/\/panda360.io\/fi\/meista\/\" \/>\n<meta property=\"og:locale\" content=\"fi_FI\" \/>\n<meta property=\"og:type\" content=\"article\" \/>\n<meta property=\"og:title\" content=\"About - Panda360\" \/>\n<meta property=\"og:description\" content=\"About Us\u200b Established over 15 years ago in Hong Kong, China, our team specializes in enhancing trust and transparency in international business. Recognizing the limitations of platforms like Alibaba and Made-In-China in identity verification, we are committed to providing superior solutions that address these complex challenges. Our expertise lies in creating reliable, innovative methods to [&hellip;]\" \/>\n<meta property=\"og:url\" content=\"https:\/\/panda360.io\/fi\/meista\/\" \/>\n<meta property=\"og:site_name\" content=\"Panda360\" \/>\n<meta property=\"article:modified_time\" content=\"2024-03-31T16:43:06+00:00\" \/>\n<meta property=\"og:image\" content=\"https:\/\/panda360.io\/wp-content\/uploads\/shanghai-main-data.jpg\" \/>\n<meta name=\"twitter:card\" content=\"summary_large_image\" \/>\n<meta name=\"twitter:label1\" content=\"Arvioitu lukuaika\" \/>\n\t<meta name=\"twitter:data1\" content=\"2 minuuttia\" \/>\n<script type=\"application\/ld+json\" class=\"yoast-schema-graph\">{\"@context\":\"https:\\\/\\\/schema.org\",\"@graph\":[{\"@type\":\"WebPage\",\"@id\":\"https:\\\/\\\/panda360.io\\\/sv\\\/om-oss\\\/\",\"url\":\"https:\\\/\\\/panda360.io\\\/sv\\\/om-oss\\\/\",\"name\":\"About - Panda360\",\"isPartOf\":{\"@id\":\"https:\\\/\\\/panda360.io\\\/ru\\\/#website\"},\"primaryImageOfPage\":{\"@id\":\"https:\\\/\\\/panda360.io\\\/sv\\\/om-oss\\\/#primaryimage\"},\"image\":{\"@id\":\"https:\\\/\\\/panda360.io\\\/sv\\\/om-oss\\\/#primaryimage\"},\"thumbnailUrl\":\"https:\\\/\\\/panda360.io\\\/wp-content\\\/uploads\\\/shanghai-main-data.jpg\",\"datePublished\":\"2023-12-10T12:58:06+00:00\",\"dateModified\":\"2024-03-31T16:43:06+00:00\",\"breadcrumb\":{\"@id\":\"https:\\\/\\\/panda360.io\\\/sv\\\/om-oss\\\/#breadcrumb\"},\"inLanguage\":\"fi\",\"potentialAction\":[{\"@type\":\"ReadAction\",\"target\":[\"https:\\\/\\\/panda360.io\\\/sv\\\/om-oss\\\/\"]}]},{\"@type\":\"ImageObject\",\"inLanguage\":\"fi\",\"@id\":\"https:\\\/\\\/panda360.io\\\/sv\\\/om-oss\\\/#primaryimage\",\"url\":\"https:\\\/\\\/panda360.io\\\/wp-content\\\/uploads\\\/shanghai-main-data.jpg\",\"contentUrl\":\"https:\\\/\\\/panda360.io\\\/wp-content\\\/uploads\\\/shanghai-main-data.jpg\"},{\"@type\":\"BreadcrumbList\",\"@id\":\"https:\\\/\\\/panda360.io\\\/sv\\\/om-oss\\\/#breadcrumb\",\"itemListElement\":[{\"@type\":\"ListItem\",\"position\":1,\"name\":\"Home\",\"item\":\"https:\\\/\\\/panda360.io\\\/\"},{\"@type\":\"ListItem\",\"position\":2,\"name\":\"About\"}]},{\"@type\":\"WebSite\",\"@id\":\"https:\\\/\\\/panda360.io\\\/ru\\\/#website\",\"url\":\"https:\\\/\\\/panda360.io\\\/ru\\\/\",\"name\":\"Panda360\",\"description\":\"One-Click Chinese Company Verification Report\",\"publisher\":{\"@id\":\"https:\\\/\\\/panda360.io\\\/ru\\\/#organization\"},\"potentialAction\":[{\"@type\":\"SearchAction\",\"target\":{\"@type\":\"EntryPoint\",\"urlTemplate\":\"https:\\\/\\\/panda360.io\\\/ru\\\/?s={search_term_string}\"},\"query-input\":{\"@type\":\"PropertyValueSpecification\",\"valueRequired\":true,\"valueName\":\"search_term_string\"}}],\"inLanguage\":\"fi\"},{\"@type\":\"Organization\",\"@id\":\"https:\\\/\\\/panda360.io\\\/ru\\\/#organization\",\"name\":\"Panda360\",\"url\":\"https:\\\/\\\/panda360.io\\\/ru\\\/\",\"logo\":{\"@type\":\"ImageObject\",\"inLanguage\":\"fi\",\"@id\":\"https:\\\/\\\/panda360.io\\\/ru\\\/#\\\/schema\\\/logo\\\/image\\\/\",\"url\":\"https:\\\/\\\/panda360.io\\\/wp-content\\\/uploads\\\/Copy-of-CHINA-1.png\",\"contentUrl\":\"https:\\\/\\\/panda360.io\\\/wp-content\\\/uploads\\\/Copy-of-CHINA-1.png\",\"width\":326,\"height\":86,\"caption\":\"Panda360\"},\"image\":{\"@id\":\"https:\\\/\\\/panda360.io\\\/ru\\\/#\\\/schema\\\/logo\\\/image\\\/\"}}]}<\/script>\n<!-- \/ Yoast SEO plugin. -->","yoast_head_json":{"title":"Tietoja - Panda360","robots":{"index":"index","follow":"follow","max-snippet":"max-snippet:-1","max-image-preview":"max-image-preview:large","max-video-preview":"max-video-preview:-1"},"canonical":"https:\/\/panda360.io\/fi\/meista\/","og_locale":"fi_FI","og_type":"article","og_title":"About - Panda360","og_description":"About Us\u200b Established over 15 years ago in Hong Kong, China, our team specializes in enhancing trust and transparency in international business. Recognizing the limitations of platforms like Alibaba and Made-In-China in identity verification, we are committed to providing superior solutions that address these complex challenges. Our expertise lies in creating reliable, innovative methods to [&hellip;]","og_url":"https:\/\/panda360.io\/fi\/meista\/","og_site_name":"Panda360","article_modified_time":"2024-03-31T16:43:06+00:00","og_image":[{"url":"https:\/\/panda360.io\/wp-content\/uploads\/shanghai-main-data.jpg","type":"","width":"","height":""}],"twitter_card":"summary_large_image","twitter_misc":{"Arvioitu lukuaika":"2 minuuttia"},"schema":{"@context":"https:\/\/schema.org","@graph":[{"@type":"WebPage","@id":"https:\/\/panda360.io\/sv\/om-oss\/","url":"https:\/\/panda360.io\/sv\/om-oss\/","name":"Tietoja - Panda360","isPartOf":{"@id":"https:\/\/panda360.io\/ru\/#website"},"primaryImageOfPage":{"@id":"https:\/\/panda360.io\/sv\/om-oss\/#primaryimage"},"image":{"@id":"https:\/\/panda360.io\/sv\/om-oss\/#primaryimage"},"thumbnailUrl":"https:\/\/panda360.io\/wp-content\/uploads\/shanghai-main-data.jpg","datePublished":"2023-12-10T12:58:06+00:00","dateModified":"2024-03-31T16:43:06+00:00","breadcrumb":{"@id":"https:\/\/panda360.io\/sv\/om-oss\/#breadcrumb"},"inLanguage":"fi","potentialAction":[{"@type":"ReadAction","target":["https:\/\/panda360.io\/sv\/om-oss\/"]}]},{"@type":"ImageObject","inLanguage":"fi","@id":"https:\/\/panda360.io\/sv\/om-oss\/#primaryimage","url":"https:\/\/panda360.io\/wp-content\/uploads\/shanghai-main-data.jpg","contentUrl":"https:\/\/panda360.io\/wp-content\/uploads\/shanghai-main-data.jpg"},{"@type":"BreadcrumbList","@id":"https:\/\/panda360.io\/sv\/om-oss\/#breadcrumb","itemListElement":[{"@type":"ListItem","position":1,"name":"Home","item":"https:\/\/panda360.io\/"},{"@type":"ListItem","position":2,"name":"About"}]},{"@type":"WebSite","@id":"https:\/\/panda360.io\/ru\/#website","url":"https:\/\/panda360.io\/ru\/","name":"Panda 360","description":"Yhden napsautuksen kiinalaisen yrityksen vahvistusraportti","publisher":{"@id":"https:\/\/panda360.io\/ru\/#organization"},"potentialAction":[{"@type":"SearchAction","target":{"@type":"EntryPoint","urlTemplate":"https:\/\/panda360.io\/ru\/?s={search_term_string}"},"query-input":{"@type":"PropertyValueSpecification","valueRequired":true,"valueName":"search_term_string"}}],"inLanguage":"fi"},{"@type":"Organization","@id":"https:\/\/panda360.io\/ru\/#organization","name":"Panda 360","url":"https:\/\/panda360.io\/ru\/","logo":{"@type":"ImageObject","inLanguage":"fi","@id":"https:\/\/panda360.io\/ru\/#\/schema\/logo\/image\/","url":"https:\/\/panda360.io\/wp-content\/uploads\/Copy-of-CHINA-1.png","contentUrl":"https:\/\/panda360.io\/wp-content\/uploads\/Copy-of-CHINA-1.png","width":326,"height":86,"caption":"Panda360"},"image":{"@id":"https:\/\/panda360.io\/ru\/#\/schema\/logo\/image\/"}}]}},"_links":{"self":[{"href":"https:\/\/panda360.io\/fi\/wp-json\/wp\/v2\/pages\/4139","targetHints":{"allow":["GET"]}}],"collection":[{"href":"https:\/\/panda360.io\/fi\/wp-json\/wp\/v2\/pages"}],"about":[{"href":"https:\/\/panda360.io\/fi\/wp-json\/wp\/v2\/types\/page"}],"author":[{"embeddable":true,"href":"https:\/\/panda360.io\/fi\/wp-json\/wp\/v2\/users\/1"}],"replies":[{"embeddable":true,"href":"https:\/\/panda360.io\/fi\/wp-json\/wp\/v2\/comments?post=4139"}],"version-history":[{"count":0,"href":"https:\/\/panda360.io\/fi\/wp-json\/wp\/v2\/pages\/4139\/revisions"}],"wp:attachment":[{"href":"https:\/\/panda360.io\/fi\/wp-json\/wp\/v2\/media?parent=4139"}],"curies":[{"name":"wp","href":"https:\/\/api.w.org\/{rel}","templated":true}]}}